{"id":56,"date":"2024-01-09T08:39:44","date_gmt":"2024-01-09T11:39:44","guid":{"rendered":"https:\/\/prospectordigital.com.br\/tdah\/?page_id=56"},"modified":"2024-01-09T15:20:01","modified_gmt":"2024-01-09T18:20:01","slug":"termos-de-uso","status":"publish","type":"page","link":"https:\/\/prospectordigital.com.br\/tdah\/termos-de-uso\/","title":{"rendered":"Termos de Uso"},"content":{"rendered":"\t\t<div data-elementor-type=\"wp-page\" data-elementor-id=\"56\" class=\"elementor elementor-56\">\n\t\t\t\t\t\t\t\t\t<section class=\"elementor-section elementor-top-section elementor-element elementor-element-780211d2 elementor-section-boxed elementor-section-height-default elementor-section-height-default\" data-id=\"780211d2\" data-element_type=\"section\">\n\t\t\t\t\t\t<div class=\"elementor-container elementor-column-gap-default\">\n\t\t\t\t\t<div class=\"elementor-column elementor-col-100 elementor-top-column elementor-element elementor-element-7ef21f15\" data-id=\"7ef21f15\" data-element_type=\"column\">\n\t\t\t<div class=\"elementor-widget-wrap elementor-element-populated\">\n\t\t\t\t\t\t\t\t<section class=\"elementor-section elementor-inner-section elementor-element elementor-element-2d045f49 elementor-section-boxed elementor-section-height-default elementor-section-height-default\" data-id=\"2d045f49\" data-element_type=\"section\">\n\t\t\t\t\t\t<div class=\"elementor-container elementor-column-gap-default\">\n\t\t\t\t\t<div class=\"elementor-column elementor-col-100 elementor-inner-column elementor-element elementor-element-37fc8cac\" data-id=\"37fc8cac\" data-element_type=\"column\">\n\t\t\t<div class=\"elementor-widget-wrap elementor-element-populated\">\n\t\t\t\t\t\t\t\t<div class=\"elementor-element elementor-element-1f402d7c elementor-widget elementor-widget-text-editor\" data-id=\"1f402d7c\" data-element_type=\"widget\" data-widget_type=\"text-editor.default\">\n\t\t\t\t<div class=\"elementor-widget-container\">\n\t\t\t<style>\/*! elementor - v3.18.0 - 20-12-2023 *\/\n.elementor-widget-text-editor.elementor-drop-cap-view-stacked .elementor-drop-cap{background-color:#69727d;color:#fff}.elementor-widget-text-editor.elementor-drop-cap-view-framed .elementor-drop-cap{color:#69727d;border:3px solid;background-color:transparent}.elementor-widget-text-editor:not(.elementor-drop-cap-view-default) .elementor-drop-cap{margin-top:8px}.elementor-widget-text-editor:not(.elementor-drop-cap-view-default) .elementor-drop-cap-letter{width:1em;height:1em}.elementor-widget-text-editor .elementor-drop-cap{float:left;text-align:center;line-height:1;font-size:50px}.elementor-widget-text-editor .elementor-drop-cap-letter{display:inline-block}<\/style>\t\t\t\t<p>TERMOS E CONDI\u00c7\u00d5ES DE USO<\/p>\t\t\t\t\t\t<\/div>\n\t\t\t\t<\/div>\n\t\t\t\t<div class=\"elementor-element elementor-element-4335f2de elementor-widget elementor-widget-text-editor\" data-id=\"4335f2de\" data-element_type=\"widget\" data-widget_type=\"text-editor.default\">\n\t\t\t\t<div class=\"elementor-widget-container\">\n\t\t\t\t\t\t\t<p><span style=\"color: #000000;\">Se voc\u00ea n\u00e3o concordar com os nossos Termos e Condi\u00e7\u00f5es de Uso de qualquer maneira,&nbsp;por favor n\u00e3o use nossos produtos, aplica\u00e7\u00f5es e website.&nbsp;Se voc\u00ea continuar a navegar e a utilizar os nossos servi\u00e7os e produtos,&nbsp;estar\u00e1 sujeito a concordar com os nossos Termos e Condi\u00e7\u00f5es de Uso e Pol\u00edtica de Privacidade publicados em prospectordigital.com.br\/tdah.<\/span><\/p>\n<p><span style=\"color: #000000;\"><strong>A utiliza\u00e7\u00e3o deste site est\u00e1 sujeita aos seguintes&nbsp;termos:<\/strong><\/span><\/p>\n<ul>\n<li><span style=\"color: #000000;\">Todas as marcas reproduzidas neste site, que n\u00e3o s\u00e3o de propriedade ou licenciadas para o operador, s\u00e3o reconhecidas no website.<\/span><\/li>\n<li><span style=\"color: #000000;\">N\u00e3o \u00e9 permitido a c\u00f3pia de conte\u00fado, gr\u00e1ficos, design, apar\u00eancia e layout de nosso site para ningu\u00e9m sem nossa permiss\u00e3o.&nbsp;Voc\u00ea deve nos enviar um e-mail para prospectorautomation@gmail.com&nbsp;para obter permiss\u00e3o para usar nosso conte\u00fado.&nbsp;O uso n\u00e3o autorizado deste site pode causar uma a\u00e7\u00e3o criminal contra voc\u00ea.<\/span><\/li>\n<\/ul>\n<ul>\n<li><span style=\"color: #000000;\">Voc\u00ea ser\u00e1 respons\u00e1vel por danos (incluindo danos, custas e honor\u00e1rios advocat\u00edcios) caso expresse indevidamente que o site ou uma p\u00e1gina da web est\u00e1 violando seus direitos autorais.<\/span><\/li>\n<li><span style=\"color: #000000;\">N\u00e3o nos responsabilizamos, caso voc\u00ea receba algum&nbsp;coment\u00e1rio ofensivo e abusivo em seu site, n\u00e3o apoiamos isso de nossa parte ou de ningu\u00e9m.<\/span><\/li>\n<li><span style=\"color: #000000;\">Voc\u00ea entende e concorda que o uso de nosso site \u00e9 limitado e n\u00e3o exclusivo e podemos encerr\u00e1-lo por qualquer motivo, sem aviso pr\u00e9vio.<\/span><\/li>\n<li><span style=\"color: #000000;\">De vez em quando, podemos oferecer e \/ou co-patrocinar concursos ou promo\u00e7\u00f5es no nosso site.&nbsp;Cada uma dessas atividades ser\u00e1 regida por regras espec\u00edficas acess\u00edveis nas p\u00e1ginas do site que oferece a promo\u00e7\u00e3o ou quando voc\u00ea enviar sua inscri\u00e7\u00e3o.<\/span><\/li>\n<li><span style=\"color: #000000;\">N\u00f3s nos reservamos o direito de modificar, mudar tempor\u00e1ria e permanentemente nossos termos e pol\u00edticas a qualquer momento, sem qualquer aviso pr\u00e9vio.&nbsp;\u00c9 sua responsabilidade estar atualizado e verificar nossos termos e pol\u00edticas de tempos em tempos.<\/span><\/li>\n<li><span style=\"color: #000000;\">Estes Termos e condi\u00e7\u00f5es e todos os outros documentos legais publicados no site constituem o acordo integral entre voc\u00ea e Universo TDAH, no que diz respeito ao uso do site, incluindo o conte\u00fado, gr\u00e1ficos, design, apar\u00eancia e comportamento.<\/span><\/li>\n<\/ul>\t\t\t\t\t\t<\/div>\n\t\t\t\t<\/div>\n\t\t\t\t\t<\/div>\n\t\t<\/div>\n\t\t\t\t\t\t\t<\/div>\n\t\t<\/section>\n\t\t\t\t\t<\/div>\n\t\t<\/div>\n\t\t\t\t\t\t\t<\/div>\n\t\t<\/section>\n\t\t\t\t<section class=\"elementor-section elementor-top-section elementor-element elementor-element-1ab04b12 elementor-section-boxed elementor-section-height-default elementor-section-height-default\" data-id=\"1ab04b12\" data-element_type=\"section\" data-settings=\"{&quot;background_background&quot;:&quot;classic&quot;}\">\n\t\t\t\t\t\t<div class=\"elementor-container elementor-column-gap-default\">\n\t\t\t\t\t<div class=\"elementor-column elementor-col-100 elementor-top-column elementor-element elementor-element-1b3c6629\" data-id=\"1b3c6629\" data-element_type=\"column\">\n\t\t\t<div class=\"elementor-widget-wrap elementor-element-populated\">\n\t\t\t\t\t\t\t\t<section class=\"elementor-section elementor-inner-section elementor-element elementor-element-1c58b752 elementor-section-boxed elementor-section-height-default elementor-section-height-default\" data-id=\"1c58b752\" data-element_type=\"section\">\n\t\t\t\t\t\t<div class=\"elementor-container elementor-column-gap-default\">\n\t\t\t\t\t<div class=\"elementor-column elementor-col-50 elementor-inner-column elementor-element elementor-element-e27520e\" data-id=\"e27520e\" data-element_type=\"column\">\n\t\t\t<div class=\"elementor-widget-wrap elementor-element-populated\">\n\t\t\t\t\t\t\t\t<div class=\"elementor-element elementor-element-ed5c9ae elementor-widget__width-initial elementor-widget elementor-widget-image\" data-id=\"ed5c9ae\" data-element_type=\"widget\" data-widget_type=\"image.default\">\n\t\t\t\t<div class=\"elementor-widget-container\">\n\t\t\t<style>\/*! elementor - v3.18.0 - 20-12-2023 *\/\n.elementor-widget-image{text-align:center}.elementor-widget-image a{display:inline-block}.elementor-widget-image a img[src$=\".svg\"]{width:48px}.elementor-widget-image img{vertical-align:middle;display:inline-block}<\/style>\t\t\t\t\t\t\t\t\t\t\t\t\t<a href=\"https:\/\/prospectordigital.com.br\/tdah\">\n\t\t\t\t\t\t\t<img fetchpriority=\"high\" decoding=\"async\" width=\"1301\" height=\"1147\" src=\"https:\/\/prospectordigital.com.br\/tdah\/wp-content\/uploads\/2024\/01\/Logo-TFAH-2.png\" class=\"attachment-full size-full wp-image-73\" alt=\"\" srcset=\"https:\/\/prospectordigital.com.br\/tdah\/wp-content\/uploads\/2024\/01\/Logo-TFAH-2.png 1301w, https:\/\/prospectordigital.com.br\/tdah\/wp-content\/uploads\/2024\/01\/Logo-TFAH-2-300x264.png 300w, https:\/\/prospectordigital.com.br\/tdah\/wp-content\/uploads\/2024\/01\/Logo-TFAH-2-1024x903.png 1024w, https:\/\/prospectordigital.com.br\/tdah\/wp-content\/uploads\/2024\/01\/Logo-TFAH-2-768x677.png 768w\" sizes=\"(max-width: 1301px) 100vw, 1301px\" \/>\t\t\t\t\t\t\t\t<\/a>\n\t\t\t\t\t\t\t\t\t\t\t\t\t\t\t<\/div>\n\t\t\t\t<\/div>\n\t\t\t\t\t<\/div>\n\t\t<\/div>\n\t\t\t\t<div class=\"elementor-column elementor-col-50 elementor-inner-column elementor-element elementor-element-75470fac\" data-id=\"75470fac\" data-element_type=\"column\">\n\t\t\t<div class=\"elementor-widget-wrap elementor-element-populated\">\n\t\t\t\t\t\t\t\t<div class=\"elementor-element elementor-element-548b61fc elementor-widget elementor-widget-text-editor\" data-id=\"548b61fc\" data-element_type=\"widget\" data-widget_type=\"text-editor.default\">\n\t\t\t\t<div class=\"elementor-widget-container\">\n\t\t\t\t\t\t\t<p><span style=\"color: #ffffff;\"><a style=\"color: #ffffff;\" href=\"https:\/\/prospectordigital.com.br\/tdah\/termos-de-uso\/\">Termos e Condi\u00e7\u00f5es<\/a><\/span>\u00a0 \u00a0 <a href=\"https:\/\/prospectordigital.com.br\/tdah\/politica-de-privacidade\/\"><span style=\"color: #ffffff;\">Pol\u00edticas de Privacidade<\/span><\/a><\/p>\t\t\t\t\t\t<\/div>\n\t\t\t\t<\/div>\n\t\t\t\t\t<\/div>\n\t\t<\/div>\n\t\t\t\t\t\t\t<\/div>\n\t\t<\/section>\n\t\t\t\t\t<\/div>\n\t\t<\/div>\n\t\t\t\t\t\t\t<\/div>\n\t\t<\/section>\n\t\t\t\t\t\t\t<\/div>\n\t\t","protected":false},"excerpt":{"rendered":"<p>TERMOS E CONDI\u00c7\u00d5ES DE USO Se voc\u00ea n\u00e3o concordar com os nossos Termos e Condi\u00e7\u00f5es de Uso de qualquer maneira,&nbsp;por favor n\u00e3o use nossos produtos, aplica\u00e7\u00f5es e website.&nbsp;Se voc\u00ea continuar a navegar e a utilizar os nossos servi\u00e7os e produtos,&nbsp;estar\u00e1 sujeito a concordar com os nossos Termos e Condi\u00e7\u00f5es de Uso e Pol\u00edtica de Privacidade [&hellip;]<\/p>\n","protected":false},"author":1,"featured_media":0,"parent":0,"menu_order":0,"comment_status":"closed","ping_status":"closed","template":"elementor_canvas","meta":{"footnotes":""},"_links":{"self":[{"href":"https:\/\/prospectordigital.com.br\/tdah\/wp-json\/wp\/v2\/pages\/56"}],"collection":[{"href":"https:\/\/prospectordigital.com.br\/tdah\/wp-json\/wp\/v2\/pages"}],"about":[{"href":"https:\/\/prospectordigital.com.br\/tdah\/wp-json\/wp\/v2\/types\/page"}],"author":[{"embeddable":true,"href":"https:\/\/prospectordigital.com.br\/tdah\/wp-json\/wp\/v2\/users\/1"}],"replies":[{"embeddable":true,"href":"https:\/\/prospectordigital.com.br\/tdah\/wp-json\/wp\/v2\/comments?post=56"}],"version-history":[{"count":11,"href":"https:\/\/prospectordigital.com.br\/tdah\/wp-json\/wp\/v2\/pages\/56\/revisions"}],"predecessor-version":[{"id":84,"href":"https:\/\/prospectordigital.com.br\/tdah\/wp-json\/wp\/v2\/pages\/56\/revisions\/84"}],"wp:attachment":[{"href":"https:\/\/prospectordigital.com.br\/tdah\/wp-json\/wp\/v2\/media?parent=56"}],"curies":[{"name":"wp","href":"https:\/\/api.w.org\/{rel}","templated":true}]}}